{"id":4155,"date":"2021-03-05T18:56:45","date_gmt":"2021-03-05T18:56:45","guid":{"rendered":"https:\/\/goodhearthospice.com\/servicios\/"},"modified":"2024-03-04T18:07:34","modified_gmt":"2024-03-04T18:07:34","slug":"servicios","status":"publish","type":"page","link":"https:\/\/goodhearthospice.com\/es\/servicios\/","title":{"rendered":"Servicios"},"content":{"rendered":"\t\t<div data-elementor-type=\"wp-page\" data-elementor-id=\"4155\" class=\"elementor elementor-4155 elementor-1429\" data-elementor-post-type=\"page\">\n\t\t\t\t\t\t<section class=\"elementor-section elementor-top-section elementor-element elementor-element-4d45bb2c elementor-section-boxed elementor-section-height-default elementor-section-height-default wpr-particle-no wpr-jarallax-no wpr-parallax-no wpr-sticky-section-no\" data-id=\"4d45bb2c\" data-element_type=\"section\" id=\"dental_service\" data-settings=\"{&quot;background_background&quot;:&quot;classic&quot;}\">\n\t\t\t\t\t\t\t<div class=\"elementor-background-overlay\"><\/div>\n\t\t\t\t\t\t\t<div class=\"elementor-container elementor-column-gap-no\">\n\t\t\t\t\t<div class=\"elementor-column elementor-col-100 elementor-top-column elementor-element elementor-element-5569687b\" data-id=\"5569687b\" data-element_type=\"column\">\n\t\t\t<div class=\"elementor-widget-wrap elementor-element-populated\">\n\t\t\t\t\t\t<div class=\"elementor-element elementor-element-73bbb7c1 elementor-widget elementor-widget-heading\" data-id=\"73bbb7c1\" data-element_type=\"widget\" data-widget_type=\"heading.default\">\n\t\t\t\t<div class=\"elementor-widget-container\">\n\t\t\t<h1 class=\"elementor-heading-title elementor-size-default\">Nuestros servicios de cuidados paliativos<\/h1>\t\t<\/div>\n\t\t\t\t<\/div>\n\t\t\t\t<div class=\"elementor-element elementor-element-1e540a31 elementor-widget elementor-widget-heading\" data-id=\"1e540a31\" data-element_type=\"widget\" data-widget_type=\"heading.default\">\n\t\t\t\t<div class=\"elementor-widget-container\">\n\t\t\t<h6 class=\"elementor-heading-title elementor-size-default\">Ofrecemos tres pilares de atenci\u00f3n para elaborar un plan de cuidados adaptado a sus necesidades espec\u00edficas.<\/h6>\t\t<\/div>\n\t\t\t\t<\/div>\n\t\t\t\t<section class=\"elementor-section elementor-inner-section elementor-element elementor-element-4dc8e860 elementor-section-boxed elementor-section-height-default elementor-section-height-default wpr-particle-no wpr-jarallax-no wpr-parallax-no wpr-sticky-section-no\" data-id=\"4dc8e860\" data-element_type=\"section\">\n\t\t\t\t\t\t<div class=\"elementor-container elementor-column-gap-no\">\n\t\t\t\t\t<div class=\"elementor-column elementor-col-33 elementor-inner-column elementor-element elementor-element-7acfeaf0\" data-id=\"7acfeaf0\" data-element_type=\"column\" data-settings=\"{&quot;background_background&quot;:&quot;classic&quot;}\">\n\t\t\t<div class=\"elementor-widget-wrap elementor-element-populated\">\n\t\t\t\t\t\t<div class=\"elementor-element elementor-element-7bb1412f elementor-widget elementor-widget-image\" data-id=\"7bb1412f\" data-element_type=\"widget\" data-widget_type=\"image.default\">\n\t\t\t\t<div class=\"elementor-widget-container\">\n\t\t\t\t\t\t\t\t\t\t\t\t\t<img fetchpriority=\"high\" decoding=\"async\" width=\"750\" height=\"500\" src=\"https:\/\/i0.wp.com\/goodhearthospice.com\/wp-content\/uploads\/2021\/03\/service-1.jpg?fit=750%2C500&amp;ssl=1\" class=\"attachment-large size-large wp-image-1441\" alt=\"Professional of home hospice care in San Bernardino, County, CA\" srcset=\"https:\/\/i0.wp.com\/goodhearthospice.com\/wp-content\/uploads\/2021\/03\/service-1.jpg?w=750&amp;ssl=1 750w, https:\/\/i0.wp.com\/goodhearthospice.com\/wp-content\/uploads\/2021\/03\/service-1.jpg?resize=300%2C200&amp;ssl=1 300w\" sizes=\"(max-width: 750px) 100vw, 750px\" \/>\t\t\t\t\t\t\t\t\t\t\t\t\t<\/div>\n\t\t\t\t<\/div>\n\t\t\t\t<div class=\"elementor-element elementor-element-158cff4 elementor-widget elementor-widget-heading\" data-id=\"158cff4\" data-element_type=\"widget\" data-widget_type=\"heading.default\">\n\t\t\t\t<div class=\"elementor-widget-container\">\n\t\t\t<h3 class=\"elementor-heading-title elementor-size-default\">Cuidando<\/h3>\t\t<\/div>\n\t\t\t\t<\/div>\n\t\t\t\t<div class=\"elementor-element elementor-element-5a599728 no-ul-pedding elementor-widget elementor-widget-text-editor\" data-id=\"5a599728\" data-element_type=\"widget\" data-widget_type=\"text-editor.default\">\n\t\t\t\t<div class=\"elementor-widget-container\">\n\t\t\t\t\t\t\t<ul>\n \t<li>Compa\u00f1erismo afectuoso<\/li>\n \t<li>Preparaci\u00f3n de comidas<\/li>\n \t<li>Tareas dom\u00e9sticas ligeras<\/li>\n \t<li>Transporte\/acompa\u00f1amiento*.<\/li>\n<\/ul>\t\t\t\t\t\t<\/div>\n\t\t\t\t<\/div>\n\t\t\t\t\t<\/div>\n\t\t<\/div>\n\t\t\t\t<div class=\"elementor-column elementor-col-33 elementor-inner-column elementor-element elementor-element-d5ad10a\" data-id=\"d5ad10a\" data-element_type=\"column\" data-settings=\"{&quot;background_background&quot;:&quot;classic&quot;}\">\n\t\t\t<div class=\"elementor-widget-wrap elementor-element-populated\">\n\t\t\t\t\t\t<div class=\"elementor-element elementor-element-122fb53e elementor-widget elementor-widget-image\" data-id=\"122fb53e\" data-element_type=\"widget\" data-widget_type=\"image.default\">\n\t\t\t\t<div class=\"elementor-widget-container\">\n\t\t\t\t\t\t\t\t\t\t\t\t\t<img decoding=\"async\" width=\"750\" height=\"500\" src=\"https:\/\/i0.wp.com\/goodhearthospice.com\/wp-content\/uploads\/2021\/03\/service-2.jpg?fit=750%2C500&amp;ssl=1\" class=\"attachment-large size-large wp-image-1442\" alt=\"\" srcset=\"https:\/\/i0.wp.com\/goodhearthospice.com\/wp-content\/uploads\/2021\/03\/service-2.jpg?w=750&amp;ssl=1 750w, https:\/\/i0.wp.com\/goodhearthospice.com\/wp-content\/uploads\/2021\/03\/service-2.jpg?resize=300%2C200&amp;ssl=1 300w\" sizes=\"(max-width: 750px) 100vw, 750px\" \/>\t\t\t\t\t\t\t\t\t\t\t\t\t<\/div>\n\t\t\t\t<\/div>\n\t\t\t\t<div class=\"elementor-element elementor-element-45bdd94 elementor-widget elementor-widget-heading\" data-id=\"45bdd94\" data-element_type=\"widget\" data-widget_type=\"heading.default\">\n\t\t\t\t<div class=\"elementor-widget-container\">\n\t\t\t<h3 class=\"elementor-heading-title elementor-size-default\">Cuidando<\/h3>\t\t<\/div>\n\t\t\t\t<\/div>\n\t\t\t\t<div class=\"elementor-element elementor-element-68a6bc2 no-ul-pedding elementor-widget elementor-widget-text-editor\" data-id=\"68a6bc2\" data-element_type=\"widget\" data-widget_type=\"text-editor.default\">\n\t\t\t\t<div class=\"elementor-widget-container\">\n\t\t\t\t\t\t\t<ul>\n<li>Servicios de asistencia<\/li>\n<li>Cuidado personal<\/li>\n<li>Apoyo al Alzheimer\/demencia<\/li>\n<li>Respiro<\/li>\n<\/ul>\n\t\t\t\t\t\t<\/div>\n\t\t\t\t<\/div>\n\t\t\t\t\t<\/div>\n\t\t<\/div>\n\t\t\t\t<div class=\"elementor-column elementor-col-33 elementor-inner-column elementor-element elementor-element-4ec3f31c\" data-id=\"4ec3f31c\" data-element_type=\"column\" data-settings=\"{&quot;background_background&quot;:&quot;classic&quot;}\">\n\t\t\t<div class=\"elementor-widget-wrap elementor-element-populated\">\n\t\t\t\t\t\t<div class=\"elementor-element elementor-element-465fb222 elementor-widget elementor-widget-image\" data-id=\"465fb222\" data-element_type=\"widget\" data-widget_type=\"image.default\">\n\t\t\t\t<div class=\"elementor-widget-container\">\n\t\t\t\t\t\t\t\t\t\t\t\t\t<img decoding=\"async\" width=\"750\" height=\"500\" src=\"https:\/\/i0.wp.com\/goodhearthospice.com\/wp-content\/uploads\/2021\/03\/service-3.jpg?fit=750%2C500&amp;ssl=1\" class=\"attachment-large size-large wp-image-1443\" alt=\"\" srcset=\"https:\/\/i0.wp.com\/goodhearthospice.com\/wp-content\/uploads\/2021\/03\/service-3.jpg?w=750&amp;ssl=1 750w, https:\/\/i0.wp.com\/goodhearthospice.com\/wp-content\/uploads\/2021\/03\/service-3.jpg?resize=300%2C200&amp;ssl=1 300w\" sizes=\"(max-width: 750px) 100vw, 750px\" \/>\t\t\t\t\t\t\t\t\t\t\t\t\t<\/div>\n\t\t\t\t<\/div>\n\t\t\t\t<div class=\"elementor-element elementor-element-1ee5a03 elementor-widget elementor-widget-heading\" data-id=\"1ee5a03\" data-element_type=\"widget\" data-widget_type=\"heading.default\">\n\t\t\t\t<div class=\"elementor-widget-container\">\n\t\t\t<h3 class=\"elementor-heading-title elementor-size-default\">Cuidando<\/h3>\t\t<\/div>\n\t\t\t\t<\/div>\n\t\t\t\t<div class=\"elementor-element elementor-element-8d7fab3 no-ul-pedding elementor-widget elementor-widget-text-editor\" data-id=\"8d7fab3\" data-element_type=\"widget\" data-widget_type=\"text-editor.default\">\n\t\t\t\t<div class=\"elementor-widget-container\">\n\t\t\t\t\t\t\t<ul>\n \t<li>Servicios de asistencia<\/li>\n \t<li>Servicios de cuidados intensivos*.<\/li>\n \t<li>Cuidados de enfermer\u00eda<\/li>\n \t<li>Cuidados al final de la vida<\/li>\n \t<li>Cuidados especiales<\/li>\n<li>Cuidado de los pies*<\/li>\n<li>Atenci\u00f3n 24\/7<\/li>\n<\/ul>\t\t\t\t\t\t<\/div>\n\t\t\t\t<\/div>\n\t\t\t\t\t<\/div>\n\t\t<\/div>\n\t\t\t\t\t<\/div>\n\t\t<\/section>\n\t\t\t\t\t<\/div>\n\t\t<\/div>\n\t\t\t\t\t<\/div>\n\t\t<\/section>\n\t\t\t\t<section class=\"elementor-section elementor-top-section elementor-element elementor-element-6f2d914e elementor-section-boxed elementor-section-height-default elementor-section-height-default wpr-particle-no wpr-jarallax-no wpr-parallax-no wpr-sticky-section-no\" data-id=\"6f2d914e\" data-element_type=\"section\" id=\"dental_reviews\" data-settings=\"{&quot;background_background&quot;:&quot;classic&quot;}\">\n\t\t\t\t\t\t\t<div class=\"elementor-background-overlay\"><\/div>\n\t\t\t\t\t\t\t<div class=\"elementor-container elementor-column-gap-no\">\n\t\t\t\t\t<div class=\"elementor-column elementor-col-100 elementor-top-column elementor-element elementor-element-29311e2\" data-id=\"29311e2\" data-element_type=\"column\" data-settings=\"{&quot;background_background&quot;:&quot;classic&quot;}\">\n\t\t\t<div class=\"elementor-widget-wrap elementor-element-populated\">\n\t\t\t\t\t\t<div class=\"elementor-element elementor-element-5468c00a elementor-widget elementor-widget-heading\" data-id=\"5468c00a\" data-element_type=\"widget\" data-widget_type=\"heading.default\">\n\t\t\t\t<div class=\"elementor-widget-container\">\n\t\t\t<h2 class=\"elementor-heading-title elementor-size-default\">PROCESO SIMPLE Y F\u00c1CIL DE 3 PASOS<\/h2>\t\t<\/div>\n\t\t\t\t<\/div>\n\t\t\t\t<section class=\"elementor-section elementor-inner-section elementor-element elementor-element-5268468d elementor-section-boxed elementor-section-height-default elementor-section-height-default wpr-particle-no wpr-jarallax-no wpr-parallax-no wpr-sticky-section-no\" data-id=\"5268468d\" data-element_type=\"section\">\n\t\t\t\t\t\t<div class=\"elementor-container elementor-column-gap-no\">\n\t\t\t\t\t<div class=\"elementor-column elementor-col-33 elementor-inner-column elementor-element elementor-element-5e815979\" data-id=\"5e815979\" data-element_type=\"column\" data-settings=\"{&quot;background_background&quot;:&quot;classic&quot;}\">\n\t\t\t<div class=\"elementor-widget-wrap elementor-element-populated\">\n\t\t\t\t\t\t<div class=\"elementor-element elementor-element-63037ee2 elementor-widget elementor-widget-image\" data-id=\"63037ee2\" data-element_type=\"widget\" data-widget_type=\"image.default\">\n\t\t\t\t<div class=\"elementor-widget-container\">\n\t\t\t\t\t\t\t\t\t\t\t\t\t<img loading=\"lazy\" decoding=\"async\" width=\"360\" height=\"215\" src=\"https:\/\/i0.wp.com\/goodhearthospice.com\/wp-content\/uploads\/2021\/03\/contact-us-min.jpg?fit=360%2C215&amp;ssl=1\" class=\"attachment-large size-large wp-image-1185\" alt=\"\" srcset=\"https:\/\/i0.wp.com\/goodhearthospice.com\/wp-content\/uploads\/2021\/03\/contact-us-min.jpg?w=360&amp;ssl=1 360w, https:\/\/i0.wp.com\/goodhearthospice.com\/wp-content\/uploads\/2021\/03\/contact-us-min.jpg?resize=300%2C179&amp;ssl=1 300w\" sizes=\"(max-width: 360px) 100vw, 360px\" \/>\t\t\t\t\t\t\t\t\t\t\t\t\t<\/div>\n\t\t\t\t<\/div>\n\t\t\t\t<div class=\"elementor-element elementor-element-5aa860e4 elementor-widget elementor-widget-text-editor\" data-id=\"5aa860e4\" data-element_type=\"widget\" data-widget_type=\"text-editor.default\">\n\t\t\t\t<div class=\"elementor-widget-container\">\n\t\t\t\t\t\t\t<h6>CONTACTE CON NOSOTROS &#8211; 877-994-6774<\/h6>\n<p>P\u00f3ngase en contacto con nosotros para reservar una consulta de cuidados GRATUITA. El servicio puede empezar en tan solo 48 horas. Llame hoy mismo al (877) 994-6774.<\/p>\n\t\t\t\t\t\t<\/div>\n\t\t\t\t<\/div>\n\t\t\t\t\t<\/div>\n\t\t<\/div>\n\t\t\t\t<div class=\"elementor-column elementor-col-33 elementor-inner-column elementor-element elementor-element-30893a02\" data-id=\"30893a02\" data-element_type=\"column\" data-settings=\"{&quot;background_background&quot;:&quot;classic&quot;}\">\n\t\t\t<div class=\"elementor-widget-wrap elementor-element-populated\">\n\t\t\t\t\t\t<div class=\"elementor-element elementor-element-52ec4f54 elementor-widget elementor-widget-image\" data-id=\"52ec4f54\" data-element_type=\"widget\" data-widget_type=\"image.default\">\n\t\t\t\t<div class=\"elementor-widget-container\">\n\t\t\t\t\t\t\t\t\t\t\t\t\t<img loading=\"lazy\" decoding=\"async\" width=\"360\" height=\"215\" src=\"https:\/\/i0.wp.com\/goodhearthospice.com\/wp-content\/uploads\/2021\/03\/consulting-min.jpg?fit=360%2C215&amp;ssl=1\" class=\"attachment-large size-large wp-image-1186\" alt=\"\" srcset=\"https:\/\/i0.wp.com\/goodhearthospice.com\/wp-content\/uploads\/2021\/03\/consulting-min.jpg?w=360&amp;ssl=1 360w, https:\/\/i0.wp.com\/goodhearthospice.com\/wp-content\/uploads\/2021\/03\/consulting-min.jpg?resize=300%2C179&amp;ssl=1 300w\" sizes=\"(max-width: 360px) 100vw, 360px\" \/>\t\t\t\t\t\t\t\t\t\t\t\t\t<\/div>\n\t\t\t\t<\/div>\n\t\t\t\t<div class=\"elementor-element elementor-element-77171f60 elementor-widget elementor-widget-text-editor\" data-id=\"77171f60\" data-element_type=\"widget\" data-widget_type=\"text-editor.default\">\n\t\t\t\t<div class=\"elementor-widget-container\">\n\t\t\t\t\t\t\t<h6>CONSULTA INICIAL GRATUITA<\/h6>\nNuestro gestor de cuidados se desplaza hasta usted. Evaluamos sus necesidades y respondemos a todas sus preguntas. Aprender sobre usted nos permite establecer un plan de atenci\u00f3n perfecto\t\t\t\t\t\t<\/div>\n\t\t\t\t<\/div>\n\t\t\t\t\t<\/div>\n\t\t<\/div>\n\t\t\t\t<div class=\"elementor-column elementor-col-33 elementor-inner-column elementor-element elementor-element-2413a554\" data-id=\"2413a554\" data-element_type=\"column\" data-settings=\"{&quot;background_background&quot;:&quot;classic&quot;}\">\n\t\t\t<div class=\"elementor-widget-wrap elementor-element-populated\">\n\t\t\t\t\t\t<div class=\"elementor-element elementor-element-7c293ca5 elementor-widget elementor-widget-image\" data-id=\"7c293ca5\" data-element_type=\"widget\" data-widget_type=\"image.default\">\n\t\t\t\t<div class=\"elementor-widget-container\">\n\t\t\t\t\t\t\t\t\t\t\t\t\t<img loading=\"lazy\" decoding=\"async\" width=\"360\" height=\"215\" src=\"https:\/\/i0.wp.com\/goodhearthospice.com\/wp-content\/uploads\/2021\/03\/step-3-min.jpg?fit=360%2C215&amp;ssl=1\" class=\"attachment-large size-large wp-image-1187\" alt=\"\" srcset=\"https:\/\/i0.wp.com\/goodhearthospice.com\/wp-content\/uploads\/2021\/03\/step-3-min.jpg?w=360&amp;ssl=1 360w, https:\/\/i0.wp.com\/goodhearthospice.com\/wp-content\/uploads\/2021\/03\/step-3-min.jpg?resize=300%2C179&amp;ssl=1 300w\" sizes=\"(max-width: 360px) 100vw, 360px\" \/>\t\t\t\t\t\t\t\t\t\t\t\t\t<\/div>\n\t\t\t\t<\/div>\n\t\t\t\t<div class=\"elementor-element elementor-element-646ac595 elementor-widget elementor-widget-text-editor\" data-id=\"646ac595\" data-element_type=\"widget\" data-widget_type=\"text-editor.default\">\n\t\t\t\t<div class=\"elementor-widget-container\">\n\t\t\t\t\t\t\t<h6>PRIMERA VISITA<\/h6>\nConozca a su gestor de cuidados paliativos perfecto Su Gestor de Cuidados supervisar\u00e1 sus cuidados, y estamos dispuestos a ayudarle siempre que lo necesite.\t\t\t\t\t\t<\/div>\n\t\t\t\t<\/div>\n\t\t\t\t\t<\/div>\n\t\t<\/div>\n\t\t\t\t\t<\/div>\n\t\t<\/section>\n\t\t\t\t\t<\/div>\n\t\t<\/div>\n\t\t\t\t\t<\/div>\n\t\t<\/section>\n\t\t\t\t<\/div>\n\t\t","protected":false},"excerpt":{"rendered":"<p>Nuestros servicios de cuidados paliativos Ofrecemos tres pilares de atenci\u00f3n para elaborar un plan de cuidados adaptado a sus necesidades espec\u00edficas. Cuidando Compa\u00f1erismo afectuoso Preparaci\u00f3n de comidas Tareas dom\u00e9sticas ligeras Transporte\/acompa\u00f1amiento*. Cuidando Servicios de asistencia Cuidado personal Apoyo al Alzheimer\/demencia Respiro Cuidando Servicios de asistencia Servicios de cuidados intensivos*. Cuidados de enfermer\u00eda Cuidados al final [&hellip;]<\/p>\n","protected":false},"author":1,"featured_media":0,"parent":0,"menu_order":0,"comment_status":"closed","ping_status":"closed","template":"","meta":{"footnotes":""},"class_list":["post-4155","page","type-page","status-publish","hentry"],"yoast_head":"<!-- This site is optimized with the Yoast SEO plugin v22.5 - https:\/\/yoast.com\/wordpress\/plugins\/seo\/ -->\n<title>Cuidados paliativos en el hogar en San Bernardino, County, CA<\/title>\n<meta name=\"description\" content=\"Good Heart Hospice es una compa\u00f1\u00eda de hospicio en el hogar que presta servicios en el condado de San Bernardino, CA. Tenemos una atenci\u00f3n de calidad con un toque suave. Ll\u00e1menos hoy mismo para su ser querido.\" \/>\n<meta name=\"robots\" content=\"index, follow, max-snippet:-1, max-image-preview:large, max-video-preview:-1\" \/>\n<link rel=\"canonical\" href=\"https:\/\/goodhearthospice.com\/es\/servicios\/\" \/>\n<meta property=\"og:locale\" content=\"es_ES\" \/>\n<meta property=\"og:type\" content=\"article\" \/>\n<meta property=\"og:title\" content=\"Cuidados paliativos en el hogar en San Bernardino, County, CA\" \/>\n<meta property=\"og:description\" content=\"Good Heart Hospice es una compa\u00f1\u00eda de hospicio en el hogar que presta servicios en el condado de San Bernardino, CA. Tenemos una atenci\u00f3n de calidad con un toque suave. Ll\u00e1menos hoy mismo para su ser querido.\" \/>\n<meta property=\"og:url\" content=\"https:\/\/goodhearthospice.com\/es\/servicios\/\" \/>\n<meta property=\"og:site_name\" content=\"Good Heart Hospice\" \/>\n<meta property=\"article:modified_time\" content=\"2024-03-04T18:07:34+00:00\" \/>\n<meta property=\"og:image\" content=\"https:\/\/goodhearthospice.com\/wp-content\/uploads\/2021\/03\/service-1.jpg\" \/>\n<meta name=\"twitter:card\" content=\"summary_large_image\" \/>\n<meta name=\"twitter:label1\" content=\"Tiempo de lectura\" \/>\n\t<meta name=\"twitter:data1\" content=\"1 minuto\" \/>\n<script type=\"application\/ld+json\" class=\"yoast-schema-graph\">{\"@context\":\"https:\/\/schema.org\",\"@graph\":[{\"@type\":\"WebPage\",\"@id\":\"https:\/\/goodhearthospice.com\/es\/servicios\/\",\"url\":\"https:\/\/goodhearthospice.com\/es\/servicios\/\",\"name\":\"Cuidados paliativos en el hogar en San Bernardino, County, CA\",\"isPartOf\":{\"@id\":\"https:\/\/goodhearthospice.com\/es\/#website\"},\"primaryImageOfPage\":{\"@id\":\"https:\/\/goodhearthospice.com\/es\/servicios\/#primaryimage\"},\"image\":{\"@id\":\"https:\/\/goodhearthospice.com\/es\/servicios\/#primaryimage\"},\"thumbnailUrl\":\"https:\/\/goodhearthospice.com\/wp-content\/uploads\/2021\/03\/service-1.jpg\",\"datePublished\":\"2021-03-05T18:56:45+00:00\",\"dateModified\":\"2024-03-04T18:07:34+00:00\",\"description\":\"Good Heart Hospice es una compa\u00f1\u00eda de hospicio en el hogar que presta servicios en el condado de San Bernardino, CA. Tenemos una atenci\u00f3n de calidad con un toque suave. Ll\u00e1menos hoy mismo para su ser querido.\",\"breadcrumb\":{\"@id\":\"https:\/\/goodhearthospice.com\/es\/servicios\/#breadcrumb\"},\"inLanguage\":\"es\",\"potentialAction\":[{\"@type\":\"ReadAction\",\"target\":[\"https:\/\/goodhearthospice.com\/es\/servicios\/\"]}]},{\"@type\":\"ImageObject\",\"inLanguage\":\"es\",\"@id\":\"https:\/\/goodhearthospice.com\/es\/servicios\/#primaryimage\",\"url\":\"https:\/\/goodhearthospice.com\/wp-content\/uploads\/2021\/03\/service-1.jpg\",\"contentUrl\":\"https:\/\/goodhearthospice.com\/wp-content\/uploads\/2021\/03\/service-1.jpg\"},{\"@type\":\"BreadcrumbList\",\"@id\":\"https:\/\/goodhearthospice.com\/es\/servicios\/#breadcrumb\",\"itemListElement\":[{\"@type\":\"ListItem\",\"position\":1,\"name\":\"Home\",\"item\":\"https:\/\/goodhearthospice.com\/es\/inicio\/\"},{\"@type\":\"ListItem\",\"position\":2,\"name\":\"Servicios\"}]},{\"@type\":\"WebSite\",\"@id\":\"https:\/\/goodhearthospice.com\/es\/#website\",\"url\":\"https:\/\/goodhearthospice.com\/es\/\",\"name\":\"Good Heart Hospice\",\"description\":\"Hospice Care in Southern California\",\"publisher\":{\"@id\":\"https:\/\/goodhearthospice.com\/es\/#organization\"},\"alternateName\":\"Hospice Care in Southern California\",\"potentialAction\":[{\"@type\":\"SearchAction\",\"target\":{\"@type\":\"EntryPoint\",\"urlTemplate\":\"https:\/\/goodhearthospice.com\/es\/?s={search_term_string}\"},\"query-input\":\"required name=search_term_string\"}],\"inLanguage\":\"es\"},{\"@type\":\"Organization\",\"@id\":\"https:\/\/goodhearthospice.com\/es\/#organization\",\"name\":\"Good Heart Hospice\",\"alternateName\":\"Hospice Care in Southern California\",\"url\":\"https:\/\/goodhearthospice.com\/es\/\",\"logo\":{\"@type\":\"ImageObject\",\"inLanguage\":\"es\",\"@id\":\"https:\/\/goodhearthospice.com\/es\/#\/schema\/logo\/image\/\",\"url\":\"https:\/\/i0.wp.com\/goodhearthospice.com\/wp-content\/uploads\/2021\/03\/Getting-an-Elderly-Care-Job-is-Worth-It-800x534-1.jpg?fit=800%2C534&ssl=1\",\"contentUrl\":\"https:\/\/i0.wp.com\/goodhearthospice.com\/wp-content\/uploads\/2021\/03\/Getting-an-Elderly-Care-Job-is-Worth-It-800x534-1.jpg?fit=800%2C534&ssl=1\",\"width\":800,\"height\":534,\"caption\":\"Good Heart Hospice\"},\"image\":{\"@id\":\"https:\/\/goodhearthospice.com\/es\/#\/schema\/logo\/image\/\"}}]}<\/script>\n<!-- \/ Yoast SEO plugin. -->","yoast_head_json":{"title":"Cuidados paliativos en el hogar en San Bernardino, County, CA","description":"Good Heart Hospice es una compa\u00f1\u00eda de hospicio en el hogar que presta servicios en el condado de San Bernardino, CA. Tenemos una atenci\u00f3n de calidad con un toque suave. Ll\u00e1menos hoy mismo para su ser querido.","robots":{"index":"index","follow":"follow","max-snippet":"max-snippet:-1","max-image-preview":"max-image-preview:large","max-video-preview":"max-video-preview:-1"},"canonical":"https:\/\/goodhearthospice.com\/es\/servicios\/","og_locale":"es_ES","og_type":"article","og_title":"Cuidados paliativos en el hogar en San Bernardino, County, CA","og_description":"Good Heart Hospice es una compa\u00f1\u00eda de hospicio en el hogar que presta servicios en el condado de San Bernardino, CA. Tenemos una atenci\u00f3n de calidad con un toque suave. Ll\u00e1menos hoy mismo para su ser querido.","og_url":"https:\/\/goodhearthospice.com\/es\/servicios\/","og_site_name":"Good Heart Hospice","article_modified_time":"2024-03-04T18:07:34+00:00","og_image":[{"url":"https:\/\/goodhearthospice.com\/wp-content\/uploads\/2021\/03\/service-1.jpg"}],"twitter_card":"summary_large_image","twitter_misc":{"Tiempo de lectura":"1 minuto"},"schema":{"@context":"https:\/\/schema.org","@graph":[{"@type":"WebPage","@id":"https:\/\/goodhearthospice.com\/es\/servicios\/","url":"https:\/\/goodhearthospice.com\/es\/servicios\/","name":"Cuidados paliativos en el hogar en San Bernardino, County, CA","isPartOf":{"@id":"https:\/\/goodhearthospice.com\/es\/#website"},"primaryImageOfPage":{"@id":"https:\/\/goodhearthospice.com\/es\/servicios\/#primaryimage"},"image":{"@id":"https:\/\/goodhearthospice.com\/es\/servicios\/#primaryimage"},"thumbnailUrl":"https:\/\/goodhearthospice.com\/wp-content\/uploads\/2021\/03\/service-1.jpg","datePublished":"2021-03-05T18:56:45+00:00","dateModified":"2024-03-04T18:07:34+00:00","description":"Good Heart Hospice es una compa\u00f1\u00eda de hospicio en el hogar que presta servicios en el condado de San Bernardino, CA. Tenemos una atenci\u00f3n de calidad con un toque suave. Ll\u00e1menos hoy mismo para su ser querido.","breadcrumb":{"@id":"https:\/\/goodhearthospice.com\/es\/servicios\/#breadcrumb"},"inLanguage":"es","potentialAction":[{"@type":"ReadAction","target":["https:\/\/goodhearthospice.com\/es\/servicios\/"]}]},{"@type":"ImageObject","inLanguage":"es","@id":"https:\/\/goodhearthospice.com\/es\/servicios\/#primaryimage","url":"https:\/\/goodhearthospice.com\/wp-content\/uploads\/2021\/03\/service-1.jpg","contentUrl":"https:\/\/goodhearthospice.com\/wp-content\/uploads\/2021\/03\/service-1.jpg"},{"@type":"BreadcrumbList","@id":"https:\/\/goodhearthospice.com\/es\/servicios\/#breadcrumb","itemListElement":[{"@type":"ListItem","position":1,"name":"Home","item":"https:\/\/goodhearthospice.com\/es\/inicio\/"},{"@type":"ListItem","position":2,"name":"Servicios"}]},{"@type":"WebSite","@id":"https:\/\/goodhearthospice.com\/es\/#website","url":"https:\/\/goodhearthospice.com\/es\/","name":"Good Heart Hospice","description":"Hospice Care in Southern California","publisher":{"@id":"https:\/\/goodhearthospice.com\/es\/#organization"},"alternateName":"Hospice Care in Southern California","potentialAction":[{"@type":"SearchAction","target":{"@type":"EntryPoint","urlTemplate":"https:\/\/goodhearthospice.com\/es\/?s={search_term_string}"},"query-input":"required name=search_term_string"}],"inLanguage":"es"},{"@type":"Organization","@id":"https:\/\/goodhearthospice.com\/es\/#organization","name":"Good Heart Hospice","alternateName":"Hospice Care in Southern California","url":"https:\/\/goodhearthospice.com\/es\/","logo":{"@type":"ImageObject","inLanguage":"es","@id":"https:\/\/goodhearthospice.com\/es\/#\/schema\/logo\/image\/","url":"https:\/\/i0.wp.com\/goodhearthospice.com\/wp-content\/uploads\/2021\/03\/Getting-an-Elderly-Care-Job-is-Worth-It-800x534-1.jpg?fit=800%2C534&ssl=1","contentUrl":"https:\/\/i0.wp.com\/goodhearthospice.com\/wp-content\/uploads\/2021\/03\/Getting-an-Elderly-Care-Job-is-Worth-It-800x534-1.jpg?fit=800%2C534&ssl=1","width":800,"height":534,"caption":"Good Heart Hospice"},"image":{"@id":"https:\/\/goodhearthospice.com\/es\/#\/schema\/logo\/image\/"}}]}},"_links":{"self":[{"href":"https:\/\/goodhearthospice.com\/es\/wp-json\/wp\/v2\/pages\/4155","targetHints":{"allow":["GET"]}}],"collection":[{"href":"https:\/\/goodhearthospice.com\/es\/wp-json\/wp\/v2\/pages"}],"about":[{"href":"https:\/\/goodhearthospice.com\/es\/wp-json\/wp\/v2\/types\/page"}],"author":[{"embeddable":true,"href":"https:\/\/goodhearthospice.com\/es\/wp-json\/wp\/v2\/users\/1"}],"replies":[{"embeddable":true,"href":"https:\/\/goodhearthospice.com\/es\/wp-json\/wp\/v2\/comments?post=4155"}],"version-history":[{"count":3,"href":"https:\/\/goodhearthospice.com\/es\/wp-json\/wp\/v2\/pages\/4155\/revisions"}],"predecessor-version":[{"id":4158,"href":"https:\/\/goodhearthospice.com\/es\/wp-json\/wp\/v2\/pages\/4155\/revisions\/4158"}],"wp:attachment":[{"href":"https:\/\/goodhearthospice.com\/es\/wp-json\/wp\/v2\/media?parent=4155"}],"curies":[{"name":"wp","href":"https:\/\/api.w.org\/{rel}","templated":true}]}}